{"id":2,"date":"2024-10-28T13:43:40","date_gmt":"2024-10-28T12:43:40","guid":{"rendered":"http:\/\/aulabutcool.wallnutwriting.dk\/?page_id=2"},"modified":"2024-10-28T13:51:53","modified_gmt":"2024-10-28T12:51:53","slug":"eksempel-side","status":"publish","type":"page","link":"https:\/\/aulabutcool.wallnutwriting.dk\/index.php\/eksempel-side\/","title":{"rendered":"Eksempelside"},"content":{"rendered":"[et_pb_section fb_built=&#8221;1&#8243; _builder_version=&#8221;4.16&#8243; global_colors_info=&#8221;{}&#8221;][et_pb_row _builder_version=&#8221;4.16&#8243; background_size=&#8221;initial&#8221; background_position=&#8221;top_left&#8221; background_repeat=&#8221;repeat&#8221; global_colors_info=&#8221;{}&#8221;][et_pb_column type=&#8221;4_4&#8243; _builder_version=&#8221;4.16&#8243; custom_padding=&#8221;|||&#8221; global_colors_info=&#8221;{}&#8221; custom_padding__hover=&#8221;|||&#8221;][et_pb_text _builder_version=&#8221;4.27.2&#8243; background_size=&#8221;initial&#8221; background_position=&#8221;top_left&#8221; background_repeat=&#8221;repeat&#8221; hover_enabled=&#8221;0&#8243; global_colors_info=&#8221;{}&#8221; sticky_enabled=&#8221;0&#8243;]<p>Dette er en eksempelside. Den er forskellig fra et blogindl\u00e6g fordi at den vil forblive \u00e9t sted og vil dukke op i dit websteds navigation (i de fleste temaer). De fleste folk starter med en Om side der introducerer dem til potentielle bes\u00f8gende p\u00e5 webstedet. Der kunne for eksempel st\u00e5:<\/p>\n<p><\/p>\n<p><\/p>\n<blockquote class=\"wp-block-quote is-layout-flow wp-block-quote-is-layout-flow\">\n<p>Hej! Jeg er et cykelbud om dagen, aspirerende skuespiller om natten, og dette er mit websted. Jeg bor i Los Angeles, har en fantastisk hund der hedder Jack, og jeg elsker pi\u00f1a coladas. (Og at blive fanget i regnen.)<\/p>\n<\/blockquote>\n<p><\/p>\n<p>&#8230;eller noget i denne stil:<\/p>\n<p><\/p>\n<p><\/p>\n<blockquote class=\"wp-block-quote is-layout-flow wp-block-quote-is-layout-flow\">\n<p>Firmaet XYZ Dingenot blev grundlagt i 1971, og har siden da leveret kvalitetsdingenoter til offentligheden. XYZ er beliggende i Gotham City og besk\u00e6ftiger over 2.000 mennesker og g\u00f8r alle slags fantastiske ting for Gotham-samfundet.<\/p>\n<\/blockquote>\n<p><\/p>\n<p>Som ny WordPress-bruger b\u00f8r du g\u00e5 til <a href=\"https:\/\/aulabutcool.wallnutwriting.dk\/wp-admin\/\">dit kontrolpanel<\/a> for at slette denne side og oprette nye sider til dit indhold. Hav det sjovt!<\/p>\n<p><\/p>[\/et_pb_text][\/et_pb_column][\/et_pb_row][\/et_pb_section]","protected":false},"excerpt":{"rendered":"<p>Dette er en eksempelside. Den er forskellig fra et blogindl\u00e6g fordi at den vil forblive \u00e9t sted og vil dukke op i dit websteds navigation (i de fleste temaer). De fleste folk starter med en Om side der introducerer dem til potentielle bes\u00f8gende p\u00e5 webstedet. Der kunne for eksempel st\u00e5: Hej! Jeg er et cykelbud [&hellip;]<\/p>\n","protected":false},"author":1,"featured_media":0,"parent":0,"menu_order":0,"comment_status":"closed","ping_status":"open","template":"","meta":{"_et_pb_use_builder":"on","_et_pb_old_content":"<!-- wp:paragraph -->\r\n<p>Dette er en eksempelside. Den er forskellig fra et blogindl\u00e6g fordi at den vil forblive \u00e9t sted og vil dukke op i dit websteds navigation (i de fleste temaer). De fleste folk starter med en Om side der introducerer dem til potentielle bes\u00f8gende p\u00e5 webstedet. Der kunne for eksempel st\u00e5:<\/p>\r\n<!-- \/wp:paragraph --><!-- wp:quote -->\r\n<blockquote class=\"wp-block-quote\">\r\n<p>Hej! Jeg er et cykelbud om dagen, aspirerende skuespiller om natten, og dette er mit websted. Jeg bor i Los Angeles, har en fantastisk hund der hedder Jack, og jeg elsker pi\u00f1a coladas. (Og at blive fanget i regnen.)<\/p>\r\n<\/blockquote>\r\n<!-- \/wp:quote --><!-- wp:paragraph -->\r\n<p>...eller noget i denne stil:<\/p>\r\n<!-- \/wp:paragraph --><!-- wp:quote -->\r\n<blockquote class=\"wp-block-quote\">\r\n<p>Firmaet XYZ Dingenot blev grundlagt i 1971, og har siden da leveret kvalitetsdingenoter til offentligheden. XYZ er beliggende i Gotham City og besk\u00e6ftiger over 2.000 mennesker og g\u00f8r alle slags fantastiske ting for Gotham-samfundet.<\/p>\r\n<\/blockquote>\r\n<!-- \/wp:quote --><!-- wp:paragraph -->\r\n<p>Som ny WordPress-bruger b\u00f8r du g\u00e5 til <a href=\"http:\/\/aulabutcool.wallnutwriting.dk\/wp-admin\/\">dit kontrolpanel<\/a> for at slette denne side og oprette nye sider til dit indhold. Hav det sjovt!<\/p>\r\n<!-- \/wp:paragraph -->","_et_gb_content_width":"","footnotes":""},"class_list":["post-2","page","type-page","status-publish","hentry"],"_links":{"self":[{"href":"https:\/\/aulabutcool.wallnutwriting.dk\/index.php\/wp-json\/wp\/v2\/pages\/2","targetHints":{"allow":["GET"]}}],"collection":[{"href":"https:\/\/aulabutcool.wallnutwriting.dk\/index.php\/wp-json\/wp\/v2\/pages"}],"about":[{"href":"https:\/\/aulabutcool.wallnutwriting.dk\/index.php\/wp-json\/wp\/v2\/types\/page"}],"author":[{"embeddable":true,"href":"https:\/\/aulabutcool.wallnutwriting.dk\/index.php\/wp-json\/wp\/v2\/users\/1"}],"replies":[{"embeddable":true,"href":"https:\/\/aulabutcool.wallnutwriting.dk\/index.php\/wp-json\/wp\/v2\/comments?post=2"}],"version-history":[{"count":2,"href":"https:\/\/aulabutcool.wallnutwriting.dk\/index.php\/wp-json\/wp\/v2\/pages\/2\/revisions"}],"predecessor-version":[{"id":10,"href":"https:\/\/aulabutcool.wallnutwriting.dk\/index.php\/wp-json\/wp\/v2\/pages\/2\/revisions\/10"}],"wp:attachment":[{"href":"https:\/\/aulabutcool.wallnutwriting.dk\/index.php\/wp-json\/wp\/v2\/media?parent=2"}],"curies":[{"name":"wp","href":"https:\/\/api.w.org\/{rel}","templated":true}]}}